{"id":2063,"date":"2024-01-15T19:22:40","date_gmt":"2024-01-15T19:22:40","guid":{"rendered":"https:\/\/dualteccargopanama2638.live-website.com\/?page_id=2063"},"modified":"2024-01-15T19:24:19","modified_gmt":"2024-01-15T19:24:19","slug":"terminos-y-condiciones","status":"publish","type":"page","link":"https:\/\/dualteccargopanama.com\/?page_id=2063","title":{"rendered":"T\u00e9rminos y condiciones"},"content":{"rendered":"\t\t<div data-elementor-type=\"wp-page\" data-elementor-id=\"2063\" class=\"elementor elementor-2063\" data-elementor-post-type=\"page\">\n\t\t\t\t\t\t<section class=\"elementor-section elementor-top-section elementor-element elementor-element-bd4214f elementor-section-full_width elementor-section-stretched elementor-section-height-default elementor-section-height-default\" data-id=\"bd4214f\" data-element_type=\"section\" data-e-type=\"section\" data-settings=\"{&quot;stretch_section&quot;:&quot;section-stretched&quot;,&quot;background_background&quot;:&quot;classic&quot;}\">\n\t\t\t\t\t\t<div class=\"elementor-container elementor-column-gap-default\">\n\t\t\t\t\t<div class=\"elementor-column elementor-col-100 elementor-top-column elementor-element elementor-element-9cb4750\" data-id=\"9cb4750\" data-element_type=\"column\" data-e-type=\"column\">\n\t\t\t<div class=\"elementor-widget-wrap elementor-element-populated\">\n\t\t\t\t\t\t<div class=\"elementor-element elementor-element-e06033b elementor-widget elementor-widget-heading\" data-id=\"e06033b\" data-element_type=\"widget\" data-e-type=\"widget\" data-widget_type=\"heading.default\">\n\t\t\t\t<div class=\"elementor-widget-container\">\n\t\t\t\t\t<h1 class=\"elementor-heading-title elementor-size-xxl\">T\u00e9rminos y condiciones<\/h1>\t\t\t\t<\/div>\n\t\t\t\t<\/div>\n\t\t\t\t\t<\/div>\n\t\t<\/div>\n\t\t\t\t\t<\/div>\n\t\t<\/section>\n\t\t\t\t<section class=\"elementor-section elementor-top-section elementor-element elementor-element-ea207e4 elementor-section-full_width elementor-section-stretched elementor-section-height-default elementor-section-height-default\" data-id=\"ea207e4\" data-element_type=\"section\" data-e-type=\"section\" data-settings=\"{&quot;stretch_section&quot;:&quot;section-stretched&quot;,&quot;background_background&quot;:&quot;classic&quot;}\">\n\t\t\t\t\t\t<div class=\"elementor-container elementor-column-gap-default\">\n\t\t\t\t\t<div class=\"elementor-column elementor-col-100 elementor-top-column elementor-element elementor-element-be4af4f\" data-id=\"be4af4f\" data-element_type=\"column\" data-e-type=\"column\">\n\t\t\t<div class=\"elementor-widget-wrap elementor-element-populated\">\n\t\t\t\t\t\t<div class=\"elementor-element elementor-element-8f3944e elementor-widget elementor-widget-text-editor\" data-id=\"8f3944e\" data-element_type=\"widget\" data-e-type=\"widget\" data-widget_type=\"text-editor.default\">\n\t\t\t\t<div class=\"elementor-widget-container\">\n\t\t\t\t\t\t\t\t\t<p>Estos T\u00e9rminos y Condiciones son v\u00e1lidos para el sitio web https:\/\/dualteccargopanama.com\/<\/p><ol><li>OBJETO Y \u00c1MBITO DE APLICACI\u00d3N.<\/li><\/ol><p>Las presentes Condiciones Generales de Uso (en adelante, las Condiciones de Uso) tienen por objeto regular el acceso a los contenidos y servicios para usuarios. La empresa titular de dominio web es Dualtec Cargo Panam\u00e1.<\/p><p>1.1. El hecho de acceder, navegar o utilizar los servicios y contenidos de la P\u00e1gina Web implica que el Usuario ha le\u00eddo, tiene conocimiento y acepta sin reservas las Condiciones de Uso.<br \/>En este sentido se considerar\u00e1 como Usuario, la persona que haga uso, navegue, o acceda, a cualquiera de los contenidos y servicios ofrecidos en la P\u00e1gina Web.<br \/>El Usuario se compromete a utilizar la P\u00e1gina Web, de conformidad a la Ley y lo establecido en las presentes Condiciones de Uso y la Pol\u00edtica de Privacidad publicada en la P\u00e1gina web. El Usuario deber\u00e1 abstenerse en su utilizaci\u00f3n de cualquier acto il\u00edcito o contrario a las presentes Condiciones de Uso.<br \/>1.2. No obstante el acceso a ciertos contenidos y la utilizaci\u00f3n y\/o adquisici\u00f3n\/prestaci\u00f3n de algunos servicios se encuentra sometido a determinadas Condiciones Particulares o Condiciones Generales de Contrataci\u00f3n, que, seg\u00fan los casos, sustituir\u00e1n, completar\u00e1n y\/o modificar\u00e1n las presentes Condiciones de Uso, y en caso de contradicci\u00f3n, prevalecer\u00e1n los t\u00e9rminos contradictorios de las Condiciones Particulares o Condiciones Generales de Contrataci\u00f3n sobre los estipulados en las presentes Condiciones de Uso.<br \/>1.3. Dualtec Cargo Panam\u00e1 se reserva el derecho a modificar la presentaci\u00f3n, configuraci\u00f3n, contenido de la P\u00e1gina Web y de cualquiera de sus servicios, as\u00ed como las condiciones requeridas para su acceso, utilizaci\u00f3n y\/o prestaci\u00f3n de servicios ofrecidos. El acceso y utilizaci\u00f3n de los contenidos y servicios tras la entrada en vigor de sus modificaciones o los cambios en las condiciones suponen la aceptaci\u00f3n de las mismas.<\/p><ol start=\"2\"><li>DERECHOS DE PROPIEDAD INTELECTUAL E INDUSTRIAL.<\/li><\/ol><p>2.1. La presente P\u00e1gina Web se rige por la legislaci\u00f3n nacional e internacional sobre propiedad intelectual e industrial.<br \/>2.2. En ning\u00fan caso se entender\u00e1 que el acceso y navegaci\u00f3n del Usuario a la P\u00e1gina Web o la utilizaci\u00f3n a trav\u00e9s de la misma, implique una renuncia, transmisi\u00f3n, licencia o cesi\u00f3n total ni parcial de dichos derechos por parte de Dualtec Cargo Panam\u00e1.<br \/>2.3. Dualtec Cargo Panam\u00e1 es titular o ha obtenido la correspondiente licencia sobre los derechos de explotaci\u00f3n de propiedad intelectual e industrial de Dualtec Cargo Panam\u00e1.<br \/>2.4. No est\u00e1 permitido suprimir, eludir o manipular el aviso de derechos de autor (\u201ccopyright\u201d) y cualesquiera otros datos de identificaci\u00f3n de los derechos de Dualtec Cargo Panam\u00e1.<br \/>Asimismo est\u00e1 prohibido modificar, copiar, reutilizar, explotar, reproducir, comunicar p\u00fablicamente, hacer segundas o posteriores publicaciones, cargar archivos, enviar por correo, transmitir, usar, tratar o distribuir de cualquier forma la totalidad o parte de los contenidos incluidos en https:\/\/dualteccargopanama lacasadelaslicencias.com\/ para prop\u00f3sitos p\u00fablicos o comerciales, si no se cuenta con la autorizaci\u00f3n expresa y por escrito de Dualtec Cargo Panam\u00e1.<\/p><ol start=\"3\"><li>UTILIZACI\u00d3N DE LA P\u00c1GINA WEB.<\/li><\/ol><p>3.1. El Usuario tendr\u00e1 acceso a los contenidos y utilizaci\u00f3n de los servicios proporcionados por la P\u00e1gina Web de forma gratuita.<br \/>3.2. Al utilizar los servicios y\/o acceder a los contenidos de la P\u00e1gina Web, el Usuario manifiesta su conformidad con estas Condiciones de Uso, comprometi\u00e9ndose a no utilizarlos para enviar mensajes que difamen o insulten, o que contengan informaci\u00f3n falsa, que sea inapropiada, abusiva, da\u00f1ina, pornogr\u00e1fica, amenazadora, da\u00f1ando la imagen p\u00fablica o la vida privada de terceras personas o que por alguna causa infrinjan alguna ley.<br \/>3.3. En particular, y a t\u00edtulo meramente indicativo y no exhaustivo, el Usuario se compromete a no captar datos con finalidad publicitaria, a no enviar ning\u00fan tipo de publicidad online y a no transmitir, difundir o poner a disposici\u00f3n de terceros a trav\u00e9s de los Servicios que puedan ser proporcionados por Dualtec Cargo Panam\u00e1, informaciones, mensajes, gr\u00e1ficos, archivos de sonido o imagen, fotograf\u00edas, grabaciones, software y en general cualquier clase de material, datos o contenidos que, sin \u00e1nimo exhaustivo:<\/p><ul><li>Incurran en actividades il\u00edcitas, ilegales o contrarias a la buena fe y al orden p\u00fablico;<\/li><li>De cualquier forma, contravengan, menosprecien o atenten contra los derechos fundamentales y libertades p\u00fablicas reconocidas constitucionalmente o en los tratados internacionales y en el resto del ordenamiento jur\u00eddico;<\/li><li>Induzcan, inciten o promuevan actuaciones delictivas, denigratorias, difamatorias o violentas;<\/li><li>Induzcan, inciten o promuevan actuaciones, actitudes o ideas discriminatorias por raz\u00f3n de sexo, raza, religi\u00f3n, creencias o edad;<\/li><li>Incorporen mensajes delictivos, violentos o degradantes;<\/li><li>Induzcan o inciten a involucrarse en pr\u00e1cticas peligrosas, de riesgo o nocivas para la salud y el equilibrio ps\u00edquico;<\/li><li>Sean falsos, ambiguos, inexactos, exagerados o extempor\u00e1neos, de forma que puedan inducir a error sobre su objeto o sobre las intenciones o prop\u00f3sitos del comunicante;<\/li><li>Se encuentren protegidos por cualesquiera derechos de propiedad intelectual o industrial pertenecientes a terceros, sin que el Usuario haya obtenido previamente de sus titulares la autorizaci\u00f3n necesaria para llevar a cabo el uso que efect\u00faa o pretende efectuar;<\/li><li>Violen los secretos empresariales de terceros;<\/li><li>Sean contrarios al derecho al honor, a la intimidad personal y familiar o a la propia imagen de las personas;<\/li><li>Infrinjan la normativa sobre secreto de las comunicaciones;<\/li><li>Provoquen por sus caracter\u00edsticas (como formato, extensi\u00f3n, etc.) dificultades en el normal funcionamiento de los Servicios.<\/li><\/ul><ol start=\"4\"><li>LICENCIA SOBRE LAS COMUNICACIONES.<\/li><\/ol><p>4.1. En el caso de que el Usuario env\u00ede informaci\u00f3n de cualquier tipo a Dualtec Cargo Panam\u00e1 a trav\u00e9s de la P\u00e1gina Web, mediante los canales dispuestos a tal fin en la propia P\u00e1gina, el Usuario declara, garantiza y acepta que tiene derecho a hacerlo libremente, que dicha informaci\u00f3n no infringe ning\u00fan derecho de propiedad intelectual, de marca, de patente, secreto comercial, o cualquier otro derecho de tercero, que dicha informaci\u00f3n no tiene car\u00e1cter confidencial y que dicha informaci\u00f3n no es perjudicial para terceros.<br \/>4.2. El Usuario reconoce asumir la responsabilidad y dejar\u00e1 indemne a Dualtec Cargo Panam\u00e1 por cualquier comunicaci\u00f3n que suministre personalmente o a su nombre, alcanzando dicha responsabilidad sin restricci\u00f3n alguna la exactitud, legalidad, originalidad y titularidad de la misma.<\/p><ol start=\"5\"><li>RESPONSABILIDADES Y GARANT\u00cdAS.<\/li><\/ol><p>5.1. Dualtec Cargo Panam\u00e1 no puede garantizar la fiabilidad, utilidad o veracidad de los<br \/>servicios o de la informaci\u00f3n que se preste a trav\u00e9s de la P\u00e1gina Web.<br \/>En consecuencia, Dualtec Cargo Panam\u00e1 no garantiza ni se hace responsable de: (i) la continuidad de los contenidos de la P\u00e1gina Web; (ii) la ausencia de errores en dichos<br \/>contenidos o productos; (iii) la ausencia de virus y\/o dem\u00e1s componentes da\u00f1inos en la P\u00e1gina Web o en el servidor que lo suministra; (iv) la invulnerabilidad de la P\u00e1gina Web y\/o lo inexpugnable de las medidas de seguridad que se adopten en el mismo; (v) la falta de utilidad o rendimiento de los contenidos y productos de la P\u00e1gina Web; (vi) los da\u00f1os o perjuicios que cause, a s\u00ed mismo o a un tercero, cualquier persona que infringiera las condiciones, normas e instrucciones Dualtec Cargo Panam\u00e1 establece en la P\u00e1gina Web o a trav\u00e9s de la vulneraci\u00f3n de los sistemas de seguridad de la misma.<br \/>5.2 No obstante, Dualtec Cargo Panam\u00e1 declara que ha adoptado todas las medidas necesarias, dentro de sus posibilidades y del estado de la tecnolog\u00eda, para garantizar el funcionamiento de la P\u00e1gina Web y evitar la existencia y transmisi\u00f3n de virus y dem\u00e1s componentes da\u00f1inos a los Usuarios.<br \/>Si el Usuario tuviera conocimiento de la existencia de alg\u00fan contenido il\u00edcito, ilegal, contrario a las leyes o que pudiera suponer una infracci\u00f3n de derechos de propiedad intelectual y\/o industrial, deber\u00e1 notificarlo inmediatamente a Dualtec Cargo Panam\u00e1 para que \u00e9sta pueda proceder a la adopci\u00f3n de las medidas oportunas.<\/p><ol start=\"6\"><li>ENLACES.<\/li><\/ol><p>6.1 Enlaces a otras p\u00e1ginas Web<br \/>En caso de que, desde la P\u00e1gina Web, el Usuario pudiera encontrar enlaces a otras P\u00e1ginas Web mediante diferentes botones, links, banners, etc., \u00e9stos ser\u00edan gestionados por terceros. Dualtec Cargo Panam\u00e1 no tiene facultad ni medios humanos ni t\u00e9cnicos para conocer, controlar ni aprobar toda la informaci\u00f3n, contenidos, productos o servicios facilitados por otros sitios Web a los que se puedan establecer enlaces desde la P\u00e1gina Web.<br \/>En consecuencia, Dualtec Cargo Panam\u00e1. no podr\u00e1 asumir ning\u00fan tipo de responsabilidad por cualquier aspecto relativo a la P\u00e1gina Web a la que se pudiera establecer un enlace desde la misma, en concreto, a t\u00edtulo enunciativo y no taxativo, sobre su funcionamiento, acceso, datos, informaci\u00f3n, archivos, calidad y fiabilidad de sus productos y servicios, sus propios enlaces y\/o cualquiera de sus contenidos, en general.<br \/>En este sentido, si los Usuarios tuvieran conocimiento efectivo de la ilicitud de actividades desarrolladas a trav\u00e9s de estas p\u00e1ginas Web de terceros, deber\u00e1n comunicarlo inmediatamente a Dualtec Cargo Panam\u00e1 a los efectos de que se proceda a deshabilitar el enlace de acceso a la misma.<br \/>El establecimiento de cualquier tipo de enlace desde la P\u00e1gina Web a otro Sitio Web ajeno no implicar\u00e1 que exista alg\u00fan tipo de relaci\u00f3n, colaboraci\u00f3n o dependencia entre Dualtec Cargo Panam\u00e1 y el responsable de la P\u00e1gina Web ajeno.<br \/>6.2 Enlaces en otros Sitios Web con destino a la P\u00e1gina Web<br \/>Si cualquier Usuario, entidad o Sitio o P\u00e1gina Web deseara establecer alg\u00fan tipo de enlace con destino a la P\u00e1gina Web deber\u00e1 atenerse a las siguientes estipulaciones:<\/p><ul><li>El enlace solamente se podr\u00e1 dirigir a la P\u00e1gina Principal o Home de la P\u00e1gina Web, salvo autorizaci\u00f3n expresa y por escrito de Dualtec Cargo Panam\u00e1<\/li><li>El enlace debe ser absoluto y completo, es decir, debe llevar al Usuario, mediante un clic, a la propia direcci\u00f3n URL de la P\u00e1gina Web y debe abarcar completamente toda la extensi\u00f3n de la pantalla de la P\u00e1gina Principal de la P\u00e1gina Web. En ning\u00fan caso, salvo que Dualtec Cargo Panam\u00e1 lo autorice de manera expresa y por escrito, el Sitio Web que realiza el enlace podr\u00e1 reproducir, de cualquier manera, la P\u00e1gina Web, incluirla como parte de su Web o dentro de uno de sus \u201cframes\u201d o crear un \u201cbrowser\u201d sobre cualquiera de las p\u00e1ginas de su P\u00e1gina o Sitio Web.<\/li><li>En la P\u00e1gina Web que establece el enlace no se podr\u00e1 declarar de ninguna manera que Dualtec Cargo Panam\u00e1 ha autorizado tal enlace, salvo que as\u00ed lo haya hecho expresamente y por escrito. Si la entidad que realiza el enlace desde su p\u00e1gina o sitio Web a la P\u00e1gina Web titularidad de Dualtec Cargo Panam\u00e1 correctamente, deseara incluir en su P\u00e1gina Web la marca, denominaci\u00f3n, nombre comercial, r\u00f3tulo, logotipo, slogan o cualquier otro tipo de elemento identificativo titularidad de Dualtec Cargo Panam\u00e1 y\/o de la P\u00e1gina Web, deber\u00e1 contar previamente con autorizaci\u00f3n expresa y por escrito.<\/li><li>Dualtec Cargo Panam\u00e1 no autoriza el establecimiento de un enlace a la P\u00e1gina Web desde aquellos Sitios Web que contengan materiales, informaci\u00f3n o contenidos il\u00edcitos, ilegales, degradantes, obscenos, y en general, que contravengan la moral, el orden p\u00fablico o las normas sociales generalmente aceptadas.<\/li><li>Dualtec Cargo Panam\u00e1 no tiene facultad ni medios humanos y t\u00e9cnicos para conocer, controlar ni aprobar toda la informaci\u00f3n, contenidos, productos o servicios facilitados por otros sitios Web que tengan establecidos enlaces con destino a la P\u00e1gina Web titularidad de Dualtec Cargo Panam\u00e1 En este sentido, Dualtec Cargo Panam\u00e1 no asume ning\u00fan tipo de responsabilidad por cualquier aspecto relativo a la P\u00e1gina Web que establece ese enlace, en concreto, a t\u00edtulo enunciativo y no taxativo, sobre su funcionamiento, acceso, datos, informaci\u00f3n, archivos, calidad y fiabilidad de sus productos y servicios, sus propios enlaces y\/o cualquiera de sus contenidos, en general.<\/li><\/ul><ol start=\"7\"><li>DURACI\u00d3N Y MODIFICACI\u00d3N.<\/li><\/ol><p>7.1. Dualtec Cargo Panam\u00e1 podr\u00e1 modificar los t\u00e9rminos y condiciones aqu\u00ed estipuladas, total o parcialmente, publicando cualquier cambio en la misma forma en que aparece estas Condiciones de Uso, a trav\u00e9s de cualquier tipo de comunicaci\u00f3n dirigida a los Usuarios.<br \/>7.2. La vigencia temporal de estas Condiciones de Uso coincide, por lo tanto, con el tiempo de su exposici\u00f3n, hasta que sean modificadas total o parcialmente, momento en el cual pasar\u00e1 a tener vigencia en las Condiciones de Uso modificadas.<br \/>7.3. Con independencia de lo que pueda ser dispuesto en Condiciones Particulares que se establezcan, Dualtec Cargo Panam\u00e1 podr\u00e1 dar por terminado, suspender o interrumpir, en cualquier momento sin necesidad de preaviso, el acceso a los contenidos de la p\u00e1gina, sin posibilidad por parte del Usuario de exigir indemnizaci\u00f3n alguna. Tras dicha extinci\u00f3n, seguir\u00e1n vigentes las prohibiciones de uso de los contenidos expuestas anteriormente en las presentes Condiciones de Uso.<\/p><ol start=\"8\"><li>GENERALIDADES.<\/li><\/ol><p>8.1. Los encabezamientos de las distintas cl\u00e1usulas son s\u00f3lo informativos, y no afectar\u00e1n, calificar\u00e1n o ampliar\u00e1n la interpretaci\u00f3n de las Condiciones de Uso.<br \/>8.2. En el caso de que cualquier disposici\u00f3n o disposiciones de este Condiciones de Uso fuera(n) considerada(s) nula(s) o inaplicable(s), en su totalidad o en parte, por cualquier Juzgado, Tribunal u \u00f3rgano administrativo competente, dicha nulidad o inaplicaci\u00f3n no afectar\u00e1 a las otras disposiciones de las Condiciones de Uso.<br \/>8.3. El no ejercicio o ejecuci\u00f3n por parte de Dualtec Cargo Panam\u00e1 de cualquier derecho o disposici\u00f3n contenida en este Aviso legal no constituir\u00e1 una renuncia al mismo, salvo reconocimiento y acuerdo por escrito por su parte.<\/p><ol start=\"10\"><li>JURISDICCI\u00d3N.<\/li><\/ol><p>Estas Condiciones Generales se rigen por la ley de la Rep\u00fablica de Panam\u00e1. Las partes se someten, a su elecci\u00f3n, para la resoluci\u00f3n de los conflictos y con renuncia a cualquier otro fuero, a los juzgados y tribunales del domicilio del usuario. Asimismo, como entidad adherida a LA CONSTITUCION DE LA REP\u00daBLICA DE PANAMA y en los t\u00e9rminos de su LEY DE PROTECCI\u00d3N DE DATOS, en caso de controversias, el usuario podr\u00e1 acudir a los tribunales competentes dentro de la Rep\u00fablica de Panam\u00e1.<\/p>\t\t\t\t\t\t\t\t<\/div>\n\t\t\t\t<\/div>\n\t\t\t\t\t<\/div>\n\t\t<\/div>\n\t\t\t\t\t<\/div>\n\t\t<\/section>\n\t\t\t\t<\/div>\n\t\t","protected":false},"excerpt":{"rendered":"<p>T\u00e9rminos y condiciones Estos T\u00e9rminos y Condiciones son v\u00e1lidos para el sitio web https:\/\/dualteccargopanama.com\/ OBJETO Y \u00c1MBITO DE APLICACI\u00d3N. Las presentes Condiciones Generales de Uso (en adelante, las Condiciones de Uso) tienen por objeto regular el acceso a los contenidos y servicios para usuarios. La empresa titular de dominio web es Dualtec Cargo Panam\u00e1. 1.1. [&hellip;]<\/p>\n","protected":false},"author":1,"featured_media":0,"parent":0,"menu_order":0,"comment_status":"closed","ping_status":"closed","template":"","meta":{"_eb_attr":"","site-sidebar-layout":"no-sidebar","site-content-layout":"page-builder","ast-site-content-layout":"full-width-container","site-content-style":"default","site-sidebar-style":"default","ast-global-header-display":"","ast-banner-title-visibility":"","ast-main-header-display":"","ast-hfb-above-header-display":"","ast-hfb-below-header-display":"","ast-hfb-mobile-header-display":"","site-post-title":"disabled","ast-breadcrumbs-content":"","ast-featured-img":"disabled","footer-sml-layout":"","ast-disable-related-posts":"","theme-transparent-header-meta":"","adv-header-id-meta":"","stick-header-meta":"","header-above-stick-meta":"","header-main-stick-meta":"","header-below-stick-meta":"","astra-migrate-meta-layouts":"set","ast-page-background-enabled":"default","ast-page-background-meta":{"desktop":{"background-color":"var(--ast-global-color-4)","background-image":"","background-repeat":"repeat","background-position":"center center","background-size":"auto","background-attachment":"scroll","background-type":"","background-media":"","overlay-type":"","overlay-color":"","overlay-opacity":"","overlay-gradient":""},"tablet":{"background-color":"","background-image":"","background-repeat":"repeat","background-position":"center center","background-size":"auto","background-attachment":"scroll","background-type":"","background-media":"","overlay-type":"","overlay-color":"","overlay-opacity":"","overlay-gradient":""},"mobile":{"background-color":"","background-image":"","background-repeat":"repeat","background-position":"center center","background-size":"auto","background-attachment":"scroll","background-type":"","background-media":"","overlay-type":"","overlay-color":"","overlay-opacity":"","overlay-gradient":""}},"ast-content-background-meta":{"desktop":{"background-color":"var(--ast-global-color-5)","background-image":"","background-repeat":"repeat","background-position":"center center","background-size":"auto","background-attachment":"scroll","background-type":"","background-media":"","overlay-type":"","overlay-color":"","overlay-opacity":"","overlay-gradient":""},"tablet":{"background-color":"var(--ast-global-color-5)","background-image":"","background-repeat":"repeat","background-position":"center center","background-size":"auto","background-attachment":"scroll","background-type":"","background-media":"","overlay-type":"","overlay-color":"","overlay-opacity":"","overlay-gradient":""},"mobile":{"background-color":"var(--ast-global-color-5)","background-image":"","background-repeat":"repeat","background-position":"center center","background-size":"auto","background-attachment":"scroll","background-type":"","background-media":"","overlay-type":"","overlay-color":"","overlay-opacity":"","overlay-gradient":""}},"footnotes":""},"class_list":["post-2063","page","type-page","status-publish","hentry"],"_links":{"self":[{"href":"https:\/\/dualteccargopanama.com\/index.php?rest_route=\/wp\/v2\/pages\/2063","targetHints":{"allow":["GET"]}}],"collection":[{"href":"https:\/\/dualteccargopanama.com\/index.php?rest_route=\/wp\/v2\/pages"}],"about":[{"href":"https:\/\/dualteccargopanama.com\/index.php?rest_route=\/wp\/v2\/types\/page"}],"author":[{"embeddable":true,"href":"https:\/\/dualteccargopanama.com\/index.php?rest_route=\/wp\/v2\/users\/1"}],"replies":[{"embeddable":true,"href":"https:\/\/dualteccargopanama.com\/index.php?rest_route=%2Fwp%2Fv2%2Fcomments&post=2063"}],"version-history":[{"count":3,"href":"https:\/\/dualteccargopanama.com\/index.php?rest_route=\/wp\/v2\/pages\/2063\/revisions"}],"predecessor-version":[{"id":2066,"href":"https:\/\/dualteccargopanama.com\/index.php?rest_route=\/wp\/v2\/pages\/2063\/revisions\/2066"}],"wp:attachment":[{"href":"https:\/\/dualteccargopanama.com\/index.php?rest_route=%2Fwp%2Fv2%2Fmedia&parent=2063"}],"curies":[{"name":"wp","href":"https:\/\/api.w.org\/{rel}","templated":true}]}}