{"id":590,"date":"2023-11-14T16:51:27","date_gmt":"2023-11-14T16:51:27","guid":{"rendered":"https:\/\/dualteccargopanama2638.live-website.com\/?page_id=590"},"modified":"2024-06-18T20:25:42","modified_gmt":"2024-06-18T20:25:42","slug":"historia","status":"publish","type":"page","link":"https:\/\/dualteccargopanama.com\/?page_id=590","title":{"rendered":"Historia"},"content":{"rendered":"\t\t<div data-elementor-type=\"wp-page\" data-elementor-id=\"590\" class=\"elementor elementor-590\" data-elementor-post-type=\"page\">\n\t\t\t\t\t\t<section class=\"elementor-section elementor-top-section elementor-element elementor-element-bd4214f elementor-section-full_width elementor-section-stretched elementor-section-height-default elementor-section-height-default\" data-id=\"bd4214f\" data-element_type=\"section\" data-e-type=\"section\" data-settings=\"{&quot;stretch_section&quot;:&quot;section-stretched&quot;,&quot;background_background&quot;:&quot;classic&quot;}\">\n\t\t\t\t\t\t<div class=\"elementor-container elementor-column-gap-default\">\n\t\t\t\t\t<div class=\"elementor-column elementor-col-100 elementor-top-column elementor-element elementor-element-9cb4750\" data-id=\"9cb4750\" data-element_type=\"column\" data-e-type=\"column\" data-settings=\"{&quot;background_background&quot;:&quot;classic&quot;}\">\n\t\t\t<div class=\"elementor-widget-wrap elementor-element-populated\">\n\t\t\t\t\t\t<div class=\"elementor-element elementor-element-e06033b elementor-widget elementor-widget-heading\" data-id=\"e06033b\" data-element_type=\"widget\" data-e-type=\"widget\" data-widget_type=\"heading.default\">\n\t\t\t\t<div class=\"elementor-widget-container\">\n\t\t\t\t\t<h1 class=\"elementor-heading-title elementor-size-xxl\">Historia<\/h1>\t\t\t\t<\/div>\n\t\t\t\t<\/div>\n\t\t\t\t\t<\/div>\n\t\t<\/div>\n\t\t\t\t\t<\/div>\n\t\t<\/section>\n\t\t\t\t<section class=\"elementor-section elementor-top-section elementor-element elementor-element-c359036 elementor-section-full_width elementor-section-stretched elementor-section-height-default elementor-section-height-default\" data-id=\"c359036\" data-element_type=\"section\" data-e-type=\"section\" data-settings=\"{&quot;stretch_section&quot;:&quot;section-stretched&quot;}\">\n\t\t\t\t\t\t<div class=\"elementor-container elementor-column-gap-default\">\n\t\t\t\t\t<div class=\"elementor-column elementor-col-100 elementor-top-column elementor-element elementor-element-256078b\" data-id=\"256078b\" data-element_type=\"column\" data-e-type=\"column\">\n\t\t\t<div class=\"elementor-widget-wrap elementor-element-populated\">\n\t\t\t\t\t\t<div class=\"elementor-element elementor-element-070a3df elementor-widget elementor-widget-image\" data-id=\"070a3df\" data-element_type=\"widget\" data-e-type=\"widget\" data-widget_type=\"image.default\">\n\t\t\t\t<div class=\"elementor-widget-container\">\n\t\t\t\t\t\t\t\t\t\t\t\t\t\t\t<img decoding=\"async\" src=\"https:\/\/dualteccargopanama.com\/wp-content\/uploads\/elementor\/thumbs\/Tipos-q6pnjxkjoqbuxshy95kksewwsxaux4tqwmxszy62bk.jpg\" title=\"Businessman holding digital globe in palm for logistics import export background and container cargo freight ship transport concept\" alt=\"Businessman holding digital globe in palm for logistics import export background and container cargo freight ship transport concept\" loading=\"lazy\" \/>\t\t\t\t\t\t\t\t\t\t\t\t\t\t\t<\/div>\n\t\t\t\t<\/div>\n\t\t\t\t\t<\/div>\n\t\t<\/div>\n\t\t\t\t\t<\/div>\n\t\t<\/section>\n\t\t\t\t<section class=\"elementor-section elementor-top-section elementor-element elementor-element-b6bf131 elementor-section-full_width elementor-section-stretched elementor-section-height-default elementor-section-height-default\" data-id=\"b6bf131\" data-element_type=\"section\" data-e-type=\"section\" data-settings=\"{&quot;stretch_section&quot;:&quot;section-stretched&quot;}\">\n\t\t\t\t\t\t<div class=\"elementor-container elementor-column-gap-default\">\n\t\t\t\t\t<div class=\"elementor-column elementor-col-100 elementor-top-column elementor-element elementor-element-e0851c2\" data-id=\"e0851c2\" data-element_type=\"column\" data-e-type=\"column\">\n\t\t\t<div class=\"elementor-widget-wrap elementor-element-populated\">\n\t\t\t\t\t\t<div class=\"elementor-element elementor-element-bfc2795 elementor-widget elementor-widget-spacer\" data-id=\"bfc2795\" data-element_type=\"widget\" data-e-type=\"widget\" data-widget_type=\"spacer.default\">\n\t\t\t\t<div class=\"elementor-widget-container\">\n\t\t\t\t\t\t\t<div class=\"elementor-spacer\">\n\t\t\t<div class=\"elementor-spacer-inner\"><\/div>\n\t\t<\/div>\n\t\t\t\t\t\t<\/div>\n\t\t\t\t<\/div>\n\t\t\t\t\t<\/div>\n\t\t<\/div>\n\t\t\t\t\t<\/div>\n\t\t<\/section>\n\t\t\t\t<section class=\"elementor-section elementor-top-section elementor-element elementor-element-5d2ba86 elementor-section-full_width elementor-section-stretched elementor-section-height-default elementor-section-height-default\" data-id=\"5d2ba86\" data-element_type=\"section\" data-e-type=\"section\" data-settings=\"{&quot;stretch_section&quot;:&quot;section-stretched&quot;}\">\n\t\t\t\t\t\t<div class=\"elementor-container elementor-column-gap-default\">\n\t\t\t\t\t<div class=\"elementor-column elementor-col-100 elementor-top-column elementor-element elementor-element-70d8e13\" data-id=\"70d8e13\" data-element_type=\"column\" data-e-type=\"column\">\n\t\t\t<div class=\"elementor-widget-wrap elementor-element-populated\">\n\t\t\t\t\t\t<div class=\"elementor-element elementor-element-86950cb elementor-widget elementor-widget-timeline-widget-addon\" data-id=\"86950cb\" data-element_type=\"widget\" data-e-type=\"widget\" data-widget_type=\"timeline-widget-addon.default\">\n\t\t\t\t<div class=\"elementor-widget-container\">\n\t\t\t\t\t<!-- ========= Timeline Widget Addon For Elementor 1.6.20 ========= -->\n<div id=\"twae-wrapper-86950cb\" class=\"twae-vertical twae-wrapper  twae-both-sided\">   \n    <div class=\"twae-start\"><\/div>    \n    <div id=\"twea-timeline-86950cb\" class=\"twae-timeline\" ><!-- Start of Story Repeater Content --><div id=\"story-595d0f6\" class=\"twae-story twae-repeater-item twae-story-right twae-story-no-icon\"><!-- Story Label --><div class=\"twae-labels\"><div class=\"twae-label-big\">2002<\/div><\/div><!-- Story Icon --><div class=\"twae-icon\"><i aria-hidden=\"true\" class=\"far fa-calendar-alt\"><\/i><\/div><!-- Story Arrow --><div class=\"twae-arrow\"><\/div><!-- Start of Story Content --><div class=\"twae-content\"><!-- Story Title --><div class=\"twae-title\">Fundaci\u00f3n de Dualtec Cargo Panam\u00e1<\/div><!-- Story Description --><div class=\"twae-description\"><p><span class=\"NormalTextRun SCXW215783345 BCX0\">Dualtec <span class=\"TextRun SCXW155413537 BCX0\" lang=\"ES-419\" xml:lang=\"ES-419\" data-contrast=\"auto\"><span class=\"NormalTextRun SCXW155413537 BCX0\">Cargo Panam\u00e1<\/span><\/span><\/span><span class=\"NormalTextRun SCXW215783345 BCX0\"> inicia operaciones en la Ciudad de Panam\u00e1.<\/span> <span class=\"NormalTextRun SCXW215783345 BCX0\">Dedicada a la construcci\u00f3n de relaciones con los clientes a largo plazo basadas en la confianza y la integridad<\/span>.<\/p><\/div><\/div><\/div><!-- Start of Story Repeater Content --><div id=\"story-65fd1b3\" class=\"twae-story twae-repeater-item twae-story-left twae-story-no-icon\"><!-- Story Label --><div class=\"twae-labels\"><div class=\"twae-label-big\">2004<\/div><\/div><!-- Story Icon --><div class=\"twae-icon\"><i aria-hidden=\"true\" class=\"far fa-building\"><\/i><\/div><!-- Story Arrow --><div class=\"twae-arrow\"><\/div><!-- Start of Story Content --><div class=\"twae-content\"><!-- Story Title --><div class=\"twae-title\">Apertura de oficina en el distrito financiero<\/div><!-- Story Description --><div class=\"twae-description\"><p><span class=\"TextRun SCXW187700574 BCX0\" lang=\"ES-419\" xml:lang=\"ES-419\" data-contrast=\"auto\"><span class=\"NormalTextRun SCXW187700574 BCX0\">Tenemos nuestra propia oficina en la mejor zona comercial de la ciudad de Panam\u00e1.\u00a0<\/span><\/span><\/p><\/div><\/div><\/div><!-- Start of Story Repeater Content --><div id=\"story-15c0c49\" class=\"twae-story twae-repeater-item twae-story-right twae-story-no-icon\"><!-- Story Label --><div class=\"twae-labels\"><div class=\"twae-label-big\">2010<\/div><\/div><!-- Story Icon --><div class=\"twae-icon\"><i aria-hidden=\"true\" class=\"fas fa-check\"><\/i><\/div><!-- Story Arrow --><div class=\"twae-arrow\"><\/div><!-- Start of Story Content --><div class=\"twae-content\"><!-- Story Title --><div class=\"twae-title\">Obtenemos nuestra acreditaci\u00f3n por IATA<\/div><!-- Story Description --><div class=\"twae-description\"><p><span class=\"NormalTextRun SCXW97013803 BCX0\">Dualtec<\/span><span class=\"NormalTextRun SCXW97013803 BCX0\"> Cargo Panam\u00e1 es un agente acreditado IATA que significa que hemos demostrado competencia y seguridad financiera. Adem\u00e1s, nos permite negociar las mejores tarifas posibles directamente con las compa\u00f1\u00edas a\u00e9reas para asegurar que nuestros clientes reciban un servicio de alta calidad a un costo razonable.<\/span><\/p><\/div><\/div><\/div><!-- Start of Story Repeater Content --><div id=\"story-fcd6d8b\" class=\"twae-story twae-repeater-item twae-story-left twae-story-no-icon\"><!-- Story Label --><div class=\"twae-labels\"><div class=\"twae-label-big\">2010<\/div><\/div><!-- Story Icon --><div class=\"twae-icon\"><i aria-hidden=\"true\" class=\"fas fa-truck-moving\"><\/i><\/div><!-- Story Arrow --><div class=\"twae-arrow\"><\/div><!-- Start of Story Content --><div class=\"twae-content\"><!-- Story Title --><div class=\"twae-title\">Importamos Tuneladora Gloria<\/div><!-- Story Description --><div class=\"twae-description\"><p><span class=\"TextRun SCXW233810491 BCX0\" lang=\"ES-419\" xml:lang=\"ES-419\" data-contrast=\"auto\"><span class=\"NormalTextRun SCXW233810491 BCX0\">Hemos ganado una gran oferta. Importamos Tuneladora Gloria la mayor importaci\u00f3n por tama\u00f1o hasta esa fecha en Panam\u00e1.<\/span><\/span><span class=\"EOP SCXW233810491 BCX0\" data-ccp-props=\"{&quot;201341983&quot;:0,&quot;335551550&quot;:6,&quot;335551620&quot;:6,&quot;335559685&quot;:1440,&quot;335559739&quot;:160,&quot;335559740&quot;:259}\">\u00a0<\/span><\/p><\/div><\/div><\/div><!-- Start of Story Repeater Content --><div id=\"story-9466d65\" class=\"twae-story twae-repeater-item twae-story-right twae-story-no-icon\"><!-- Story Label --><div class=\"twae-labels\"><div class=\"twae-label-big\">2011<\/div><\/div><!-- Story Icon --><div class=\"twae-icon\"><i aria-hidden=\"true\" class=\"far fa-building\"><\/i><\/div><!-- Story Arrow --><div class=\"twae-arrow\"><\/div><!-- Start of Story Content --><div class=\"twae-content\"><!-- Story Title --><div class=\"twae-title\">Iniciamos operaciones en Zona Libre de Col\u00f3n<\/div><!-- Story Description --><div class=\"twae-description\"><p><span class=\"TextRun SCXW132216880 BCX0\" lang=\"ES-419\" xml:lang=\"ES-419\" data-contrast=\"auto\"><span class=\"NormalTextRun SCXW132216880 BCX0\">La ubicaci\u00f3n es una de las principales claves para el enorme \u00e9xito de la Zona Libre de Col\u00f3n, por lo que es un centro ideal en esta era de globalizaci\u00f3n de la econom\u00eda mundial. <\/span><span class=\"NormalTextRun SCXW132216880 BCX0\">Nuestra oficina est\u00e1 ubicada en el coraz\u00f3n de la Zona Libre de Col\u00f3n listo para proporcionar los servicios que ayudar\u00e1n a sus necesidades de log\u00edstica y transporte.<\/span><\/span><span class=\"EOP SCXW132216880 BCX0\" data-ccp-props=\"{&quot;201341983&quot;:0,&quot;335551550&quot;:6,&quot;335551620&quot;:6,&quot;335559685&quot;:1440,&quot;335559739&quot;:160,&quot;335559740&quot;:259}\">\u00a0<\/span><\/p><\/div><\/div><\/div><!-- Start of Story Repeater Content --><div id=\"story-089fd4a\" class=\"twae-story twae-repeater-item twae-story-left twae-story-no-icon\"><!-- Story Label --><div class=\"twae-labels\"><div class=\"twae-label-big\">2012<\/div><\/div><!-- Story Icon --><div class=\"twae-icon\"><i aria-hidden=\"true\" class=\"fas fa-plane\"><\/i><\/div><!-- Story Arrow --><div class=\"twae-arrow\"><\/div><!-- Start of Story Content --><div class=\"twae-content\"><!-- Story Title --><div class=\"twae-title\">Iniciamos operaciones en el Aeropuerto Internacional de Tocumen<\/div><!-- Story Description --><div class=\"twae-description\"><p><span class=\"NormalTextRun SCXW206839401 BCX0\">El objetivo de la oficina <\/span><span class=\"NormalTextRun SCXW206839401 BCX0\">Dualtec<\/span><span class=\"NormalTextRun SCXW206839401 BCX0\"> Cargo en el aeropuerto de Tocumen es brindar un servicio de calidad a usted y su empresa. El estar ubicados en el aeropuerto m\u00e1s grande y de mayor actividad en el pa\u00eds nos da una ventaja para proporcionar las mejores soluciones log\u00edsticas para sus necesidades.<\/span><\/p><\/div><\/div><\/div><!-- Start of Story Repeater Content --><div id=\"story-ffd0522\" class=\"twae-story twae-repeater-item twae-story-right twae-story-no-icon\"><!-- Story Label --><div class=\"twae-labels\"><div class=\"twae-label-big\">2013<\/div><\/div><!-- Story Icon --><div class=\"twae-icon\"><i aria-hidden=\"true\" class=\"fas fa-boxes\"><\/i><\/div><!-- Story Arrow --><div class=\"twae-arrow\"><\/div><!-- Start of Story Content --><div class=\"twae-content\"><!-- Story Title --><div class=\"twae-title\">Ganamos otro gran proyecto con Minera Panam\u00e1.<\/div><!-- Story Description --><div class=\"twae-description\"><p><span class=\"TextRun SCXW179561904 BCX0\" lang=\"ES-419\" xml:lang=\"ES-419\" data-contrast=\"auto\"><span class=\"NormalTextRun SCXW179561904 BCX0\">Importamos un proyecto de 1.000 contenedores.<\/span><\/span><span class=\"EOP SCXW179561904 BCX0\" data-ccp-props=\"{&quot;201341983&quot;:0,&quot;335551550&quot;:6,&quot;335551620&quot;:6,&quot;335559685&quot;:1440,&quot;335559739&quot;:160,&quot;335559740&quot;:259}\">\u00a0<\/span><\/p><\/div><\/div><\/div><!-- Start of Story Repeater Content --><div id=\"story-62d911b\" class=\"twae-story twae-repeater-item twae-story-left twae-story-no-icon\"><!-- Story Label --><div class=\"twae-labels\"><div class=\"twae-label-big\">2018<\/div><\/div><!-- Story Icon --><div class=\"twae-icon\"><i aria-hidden=\"true\" class=\"fas fa-truck-moving\"><\/i><\/div><!-- Story Arrow --><div class=\"twae-arrow\"><\/div><!-- Start of Story Content --><div class=\"twae-content\"><!-- Story Title --><div class=\"twae-title\">Proyecto Melaza<\/div><!-- Story Description --><div class=\"twae-description\"><p><span class=\"TextRun SCXW89166905 BCX0\" lang=\"ES-419\" xml:lang=\"ES-419\" data-contrast=\"none\"><span class=\"NormalTextRun SCXW89166905 BCX0\">Realizamos la log\u00edstica general sobre el transporte de melaza desde los Ingenios hasta el <\/span><\/span> <span class=\"TextRun SCXW89166905 BCX0\" lang=\"ES-419\" xml:lang=\"ES-419\" data-contrast=\"none\"><span class=\"NormalTextRun SCXW89166905 BCX0\">puerto de exportaci\u00f3n.<\/span><\/span><span class=\"EOP SCXW89166905 BCX0\" data-ccp-props=\"{&quot;201341983&quot;:0,&quot;335551550&quot;:6,&quot;335551620&quot;:6,&quot;335559685&quot;:720,&quot;335559731&quot;:720,&quot;335559739&quot;:160,&quot;335559740&quot;:259}\">\u00a0<\/span><\/p><\/div><\/div><\/div><!-- Start of Story Repeater Content --><div id=\"story-45b3072\" class=\"twae-story twae-repeater-item twae-story-right twae-story-no-icon\"><!-- Story Label --><div class=\"twae-labels\"><div class=\"twae-label-big\">2019<\/div><\/div><!-- Story Icon --><div class=\"twae-icon\"><i aria-hidden=\"true\" class=\"fas fa-head-side-mask\"><\/i><\/div><!-- Story Arrow --><div class=\"twae-arrow\"><\/div><!-- Start of Story Content --><div class=\"twae-content\"><!-- Story Title --><div class=\"twae-title\">Empieza la Pandemia de Covid 19<\/div><\/div><\/div><!-- Start of Story Repeater Content --><div id=\"story-22483c9\" class=\"twae-story twae-repeater-item twae-story-left twae-story-no-icon\"><!-- Story Label --><div class=\"twae-labels\"><div class=\"twae-label-big\">2022<\/div><\/div><!-- Story Icon --><div class=\"twae-icon\"><i aria-hidden=\"true\" class=\"far fa-smile\"><\/i><\/div><!-- Story Arrow --><div class=\"twae-arrow\"><\/div><!-- Start of Story Content --><div class=\"twae-content\"><!-- Story Title --><div class=\"twae-title\">Sobrevivimos la pandemia Covid 19 <\/div><\/div><\/div><!-- Start of Story Repeater Content --><div id=\"story-eec3629\" class=\"twae-story twae-repeater-item twae-story-right twae-story-no-icon\"><!-- Story Label --><div class=\"twae-labels\"><div class=\"twae-label-big\">2023<\/div><\/div><!-- Story Icon --><div class=\"twae-icon\"><i aria-hidden=\"true\" class=\"fas fa-globe-americas\"><\/i><\/div><!-- Story Arrow --><div class=\"twae-arrow\"><\/div><!-- Start of Story Content --><div class=\"twae-content\"><!-- Story Title --><div class=\"twae-title\">Ofrecemos servicios a nivel global <\/div><!-- Story Description --><div class=\"twae-description\"><p><span class=\"TextRun SCXW9017282 BCX0\" lang=\"ES-419\" xml:lang=\"ES-419\" data-contrast=\"none\"><span class=\"NormalTextRun SCXW9017282 BCX0\">N<\/span><span class=\"NormalTextRun SCXW9017282 BCX0\">uestros servicios <\/span><span class=\"NormalTextRun SCXW9017282 BCX0\">son ofrecidos desde <\/span><span class=\"NormalTextRun SpellingErrorV2Themed SCXW9017282 BCX0\">Panam\u00e1<\/span>\u00a0<span class=\"NormalTextRun SCXW9017282 BCX0\">hacia el mundo y viceversa <\/span><\/span><span class=\"TextRun SCXW9017282 BCX0\" lang=\"ES-PA\" xml:lang=\"ES-PA\" data-contrast=\"none\"><span class=\"NormalTextRun SCXW9017282 BCX0\">a<\/span><span class=\"NormalTextRun SCXW9017282 BCX0\"> trav\u00e9s de una red de agentes cuidadosamente seleccionados, brindamos seguridad y eficiencia a cualquier persona que <\/span><span class=\"NormalTextRun SCXW9017282 BCX0\">exporte o importe <\/span><span class=\"NormalTextRun SCXW9017282 BCX0\">carga a cualquier parte del mundo.<\/span><\/span><span class=\"EOP SCXW9017282 BCX0\" data-ccp-props=\"{&quot;201341983&quot;:0,&quot;335559685&quot;:1440,&quot;335559739&quot;:160,&quot;335559740&quot;:259}\">\u00a0<\/span><\/p><\/div><\/div><\/div><!-- Start of Story Repeater Content --><div id=\"story-4672de0\" class=\"twae-story twae-repeater-item twae-story-left twae-story-no-icon\"><!-- Story Label --><div class=\"twae-labels\"><div class=\"twae-label-big\">2024<\/div><\/div><!-- Story Icon --><div class=\"twae-icon\"><i aria-hidden=\"true\" class=\"far fa-calendar-alt\"><\/i><\/div><!-- Story Arrow --><div class=\"twae-arrow\"><\/div><!-- Start of Story Content --><div class=\"twae-content\"><!-- Story Title --><div class=\"twae-title\">El sue\u00f1o contin\u00faa...<\/div><!-- Story Description --><div class=\"twae-description\"><p>Siempre cumpliendo con nuestros clientes, trabajando sin descanso a pesar de las adversidades.<\/p><\/div><\/div><\/div><\/div>\n    <div class=\"twae-end\"><\/div>\n    <\/div><style type=\"text\/css\">@media (max-width: 1024px){ .twae-wrapper{--tw-ybx-size: 80px !important;}}@media (max-width: 767px){ .twae-wrapper{--tw-ybx-size: 80px !important}}<\/style>\t\t\t\t<\/div>\n\t\t\t\t<\/div>\n\t\t\t\t\t<\/div>\n\t\t<\/div>\n\t\t\t\t\t<\/div>\n\t\t<\/section>\n\t\t\t\t<\/div>\n\t\t","protected":false},"excerpt":{"rendered":"<p>Historia 2002Fundaci\u00f3n de Dualtec Cargo Panam\u00e1 Dualtec Cargo Panam\u00e1 inicia operaciones en la Ciudad de Panam\u00e1. Dedicada a la construcci\u00f3n de relaciones con los clientes a largo plazo basadas en la confianza y la integridad. 2004Apertura de oficina en el distrito financiero Tenemos nuestra propia oficina en la mejor zona comercial de la ciudad de [&hellip;]<\/p>\n","protected":false},"author":1,"featured_media":0,"parent":0,"menu_order":0,"comment_status":"closed","ping_status":"closed","template":"","meta":{"_eb_attr":"","site-sidebar-layout":"no-sidebar","site-content-layout":"page-builder","ast-site-content-layout":"full-width-container","site-content-style":"default","site-sidebar-style":"default","ast-global-header-display":"","ast-banner-title-visibility":"","ast-main-header-display":"","ast-hfb-above-header-display":"","ast-hfb-below-header-display":"","ast-hfb-mobile-header-display":"","site-post-title":"disabled","ast-breadcrumbs-content":"","ast-featured-img":"disabled","footer-sml-layout":"","ast-disable-related-posts":"","theme-transparent-header-meta":"","adv-header-id-meta":"","stick-header-meta":"","header-above-stick-meta":"","header-main-stick-meta":"","header-below-stick-meta":"","astra-migrate-meta-layouts":"set","ast-page-background-enabled":"default","ast-page-background-meta":{"desktop":{"background-color":"var(--ast-global-color-4)","background-image":"","background-repeat":"repeat","background-position":"center center","background-size":"auto","background-attachment":"scroll","background-type":"","background-media":"","overlay-type":"","overlay-color":"","overlay-opacity":"","overlay-gradient":""},"tablet":{"background-color":"","background-image":"","background-repeat":"repeat","background-position":"center center","background-size":"auto","background-attachment":"scroll","background-type":"","background-media":"","overlay-type":"","overlay-color":"","overlay-opacity":"","overlay-gradient":""},"mobile":{"background-color":"","background-image":"","background-repeat":"repeat","background-position":"center center","background-size":"auto","background-attachment":"scroll","background-type":"","background-media":"","overlay-type":"","overlay-color":"","overlay-opacity":"","overlay-gradient":""}},"ast-content-background-meta":{"desktop":{"background-color":"var(--ast-global-color-5)","background-image":"","background-repeat":"repeat","background-position":"center center","background-size":"auto","background-attachment":"scroll","background-type":"","background-media":"","overlay-type":"","overlay-color":"","overlay-opacity":"","overlay-gradient":""},"tablet":{"background-color":"var(--ast-global-color-5)","background-image":"","background-repeat":"repeat","background-position":"center center","background-size":"auto","background-attachment":"scroll","background-type":"","background-media":"","overlay-type":"","overlay-color":"","overlay-opacity":"","overlay-gradient":""},"mobile":{"background-color":"var(--ast-global-color-5)","background-image":"","background-repeat":"repeat","background-position":"center center","background-size":"auto","background-attachment":"scroll","background-type":"","background-media":"","overlay-type":"","overlay-color":"","overlay-opacity":"","overlay-gradient":""}},"footnotes":""},"class_list":["post-590","page","type-page","status-publish","hentry"],"_links":{"self":[{"href":"https:\/\/dualteccargopanama.com\/index.php?rest_route=\/wp\/v2\/pages\/590","targetHints":{"allow":["GET"]}}],"collection":[{"href":"https:\/\/dualteccargopanama.com\/index.php?rest_route=\/wp\/v2\/pages"}],"about":[{"href":"https:\/\/dualteccargopanama.com\/index.php?rest_route=\/wp\/v2\/types\/page"}],"author":[{"embeddable":true,"href":"https:\/\/dualteccargopanama.com\/index.php?rest_route=\/wp\/v2\/users\/1"}],"replies":[{"embeddable":true,"href":"https:\/\/dualteccargopanama.com\/index.php?rest_route=%2Fwp%2Fv2%2Fcomments&post=590"}],"version-history":[{"count":57,"href":"https:\/\/dualteccargopanama.com\/index.php?rest_route=\/wp\/v2\/pages\/590\/revisions"}],"predecessor-version":[{"id":2126,"href":"https:\/\/dualteccargopanama.com\/index.php?rest_route=\/wp\/v2\/pages\/590\/revisions\/2126"}],"wp:attachment":[{"href":"https:\/\/dualteccargopanama.com\/index.php?rest_route=%2Fwp%2Fv2%2Fmedia&parent=590"}],"curies":[{"name":"wp","href":"https:\/\/api.w.org\/{rel}","templated":true}]}}