{"id":920,"date":"2023-11-20T20:19:41","date_gmt":"2023-11-20T20:19:41","guid":{"rendered":"https:\/\/dualteccargopanama2638.live-website.com\/?page_id=920"},"modified":"2025-04-14T14:49:58","modified_gmt":"2025-04-14T14:49:58","slug":"aeropuerto-tocumen","status":"publish","type":"page","link":"https:\/\/dualteccargopanama.com\/?page_id=920","title":{"rendered":"Aeropuerto de Carga Tocumen"},"content":{"rendered":"\t\t<div data-elementor-type=\"wp-page\" data-elementor-id=\"920\" class=\"elementor elementor-920\" data-elementor-post-type=\"page\">\n\t\t\t\t\t\t<section class=\"elementor-section elementor-top-section elementor-element elementor-element-bd4214f elementor-section-full_width elementor-section-stretched elementor-section-height-default elementor-section-height-default\" data-id=\"bd4214f\" data-element_type=\"section\" data-e-type=\"section\" data-settings=\"{&quot;stretch_section&quot;:&quot;section-stretched&quot;,&quot;background_background&quot;:&quot;classic&quot;}\">\n\t\t\t\t\t\t<div class=\"elementor-container elementor-column-gap-default\">\n\t\t\t\t\t<div class=\"elementor-column elementor-col-100 elementor-top-column elementor-element elementor-element-9cb4750\" data-id=\"9cb4750\" data-element_type=\"column\" data-e-type=\"column\" data-settings=\"{&quot;background_background&quot;:&quot;classic&quot;}\">\n\t\t\t<div class=\"elementor-widget-wrap elementor-element-populated\">\n\t\t\t\t\t\t<div class=\"elementor-element elementor-element-e06033b elementor-widget elementor-widget-heading\" data-id=\"e06033b\" data-element_type=\"widget\" data-e-type=\"widget\" data-widget_type=\"heading.default\">\n\t\t\t\t<div class=\"elementor-widget-container\">\n\t\t\t\t\t<h1 class=\"elementor-heading-title elementor-size-xxl\">Aeropuerto de Carga Tocumen<\/h1>\t\t\t\t<\/div>\n\t\t\t\t<\/div>\n\t\t\t\t\t<\/div>\n\t\t<\/div>\n\t\t\t\t\t<\/div>\n\t\t<\/section>\n\t\t\t\t<section class=\"elementor-section elementor-top-section elementor-element elementor-element-aceea30 elementor-section-full_width elementor-section-stretched elementor-section-height-default elementor-section-height-default\" data-id=\"aceea30\" data-element_type=\"section\" data-e-type=\"section\" data-settings=\"{&quot;stretch_section&quot;:&quot;section-stretched&quot;}\">\n\t\t\t\t\t\t<div class=\"elementor-container elementor-column-gap-default\">\n\t\t\t\t\t<div class=\"elementor-column elementor-col-100 elementor-top-column elementor-element elementor-element-9eb5dc7\" data-id=\"9eb5dc7\" data-element_type=\"column\" data-e-type=\"column\">\n\t\t\t<div class=\"elementor-widget-wrap elementor-element-populated\">\n\t\t\t\t\t\t<div class=\"elementor-element elementor-element-847015c elementor-widget elementor-widget-text-editor\" data-id=\"847015c\" data-element_type=\"widget\" data-e-type=\"widget\" data-widget_type=\"text-editor.default\">\n\t\t\t\t<div class=\"elementor-widget-container\">\n\t\t\t\t\t\t\t\t\t<p><span class=\"TextRun SCXW3620304 BCX0\" lang=\"ES-419\" xml:lang=\"ES-419\" data-contrast=\"none\"><span class=\"NormalTextRun SCXW3620304 BCX0\">Situad<\/span><span class=\"NormalTextRun SCXW3620304 BCX0\">a <\/span><span class=\"NormalTextRun SCXW3620304 BCX0\">en el aeropuerto<\/span> <span class=\"NormalTextRun SCXW3620304 BCX0\">de carga <\/span><span class=\"NormalTextRun SCXW3620304 BCX0\">Internacional de Tocume<\/span><span class=\"NormalTextRun SCXW3620304 BCX0\">n<\/span> <span class=\"NormalTextRun SCXW3620304 BCX0\">el <\/span><span class=\"NormalTextRun SCXW3620304 BCX0\">m\u00e1s grande y de mayor actividad en el pa\u00eds, le dar\u00e1 una ventaja para proporcionar las mejores soluciones log\u00edsticas para sus necesidades<\/span><\/span><span class=\"TextRun SCXW3620304 BCX0\" lang=\"ES-419\" xml:lang=\"ES-419\" data-contrast=\"auto\"><span class=\"NormalTextRun SCXW3620304 BCX0\">.<\/span><\/span><span class=\"EOP SCXW3620304 BCX0\" data-ccp-props=\"{&quot;201341983&quot;:0,&quot;335551550&quot;:6,&quot;335551620&quot;:6,&quot;335559685&quot;:1440,&quot;335559739&quot;:160,&quot;335559740&quot;:259}\">\u00a0<\/span><\/p>\t\t\t\t\t\t\t\t<\/div>\n\t\t\t\t<\/div>\n\t\t\t\t\t<\/div>\n\t\t<\/div>\n\t\t\t\t\t<\/div>\n\t\t<\/section>\n\t\t\t\t<section class=\"elementor-section elementor-top-section elementor-element elementor-element-8ed7a13 elementor-reverse-tablet elementor-reverse-mobile elementor-section-full_width elementor-section-stretched elementor-section-height-default elementor-section-height-default\" data-id=\"8ed7a13\" data-element_type=\"section\" data-e-type=\"section\" data-settings=\"{&quot;stretch_section&quot;:&quot;section-stretched&quot;}\">\n\t\t\t\t\t\t<div class=\"elementor-container elementor-column-gap-default\">\n\t\t\t\t\t<div class=\"elementor-column elementor-col-50 elementor-top-column elementor-element elementor-element-69a3eaf\" data-id=\"69a3eaf\" data-element_type=\"column\" data-e-type=\"column\">\n\t\t\t<div class=\"elementor-widget-wrap elementor-element-populated\">\n\t\t\t\t\t\t<div class=\"elementor-element elementor-element-df5ddac elementor-widget elementor-widget-image\" data-id=\"df5ddac\" data-element_type=\"widget\" data-e-type=\"widget\" data-widget_type=\"image.default\">\n\t\t\t\t<div class=\"elementor-widget-container\">\n\t\t\t\t\t\t\t\t\t\t\t\t\t\t\t<img decoding=\"async\" src=\"https:\/\/dualteccargopanama.com\/wp-content\/uploads\/2023\/11\/Tocumen-e1700498117633.jpg\" title=\"Tocumen\" alt=\"Tocumen\" loading=\"lazy\" \/>\t\t\t\t\t\t\t\t\t\t\t\t\t\t\t<\/div>\n\t\t\t\t<\/div>\n\t\t\t\t\t<\/div>\n\t\t<\/div>\n\t\t\t\t<div class=\"elementor-column elementor-col-50 elementor-top-column elementor-element elementor-element-94ee7f4\" data-id=\"94ee7f4\" data-element_type=\"column\" data-e-type=\"column\" data-settings=\"{&quot;background_background&quot;:&quot;classic&quot;}\">\n\t\t\t<div class=\"elementor-widget-wrap elementor-element-populated\">\n\t\t\t\t\t\t<div class=\"elementor-element elementor-element-c14640e elementor-widget elementor-widget-heading\" data-id=\"c14640e\" data-element_type=\"widget\" data-e-type=\"widget\" data-widget_type=\"heading.default\">\n\t\t\t\t<div class=\"elementor-widget-container\">\n\t\t\t\t\t<h1 class=\"elementor-heading-title elementor-size-large\">UBICACI\u00d3N<\/h1>\t\t\t\t<\/div>\n\t\t\t\t<\/div>\n\t\t\t\t<div class=\"elementor-element elementor-element-bae6383 elementor-widget elementor-widget-text-editor\" data-id=\"bae6383\" data-element_type=\"widget\" data-e-type=\"widget\" data-widget_type=\"text-editor.default\">\n\t\t\t\t<div class=\"elementor-widget-container\">\n\t\t\t\t\t\t\t\t\t<span lang=\"es-419\">Aeropuerto de Carga Tocumen, <\/span><br>\n<span lang=\"es-419\">Torre Administrativa, Primer Alto, Oficina #3,<\/span><br>\n\n<span lang=\"es-419\">Ciudad de Tocumen, Provincia de Panam\u00e1, <\/span><br>\n\n<span lang=\"es-419\">Rep\u00fablica de Panam\u00e1.<\/span>\t\t\t\t\t\t\t\t<\/div>\n\t\t\t\t<\/div>\n\t\t\t\t<div class=\"elementor-element elementor-element-b5e8b0a elementor-widget elementor-widget-heading\" data-id=\"b5e8b0a\" data-element_type=\"widget\" data-e-type=\"widget\" data-widget_type=\"heading.default\">\n\t\t\t\t<div class=\"elementor-widget-container\">\n\t\t\t\t\t<h1 class=\"elementor-heading-title elementor-size-large\">HORARIO DE ATENCI\u00d3N:<\/h1>\t\t\t\t<\/div>\n\t\t\t\t<\/div>\n\t\t\t\t<div class=\"elementor-element elementor-element-cfb49b2 elementor-widget elementor-widget-text-editor\" data-id=\"cfb49b2\" data-element_type=\"widget\" data-e-type=\"widget\" data-widget_type=\"text-editor.default\">\n\t\t\t\t<div class=\"elementor-widget-container\">\n\t\t\t\t\t\t\t\t\t<p><span class=\"NormalTextRun ContextualSpellingAndGrammarErrorV2Themed SCXW128535820 BCX0\">Lunes<\/span><span class=\"NormalTextRun SCXW128535820 BCX0\"> a viernes 8:00 AM a 5:00 PM<\/span><\/p>\t\t\t\t\t\t\t\t<\/div>\n\t\t\t\t<\/div>\n\t\t\t\t\t<\/div>\n\t\t<\/div>\n\t\t\t\t\t<\/div>\n\t\t<\/section>\n\t\t\t\t<section class=\"elementor-section elementor-top-section elementor-element elementor-element-1398880 elementor-section-boxed elementor-section-height-default elementor-section-height-default\" data-id=\"1398880\" data-element_type=\"section\" data-e-type=\"section\" data-settings=\"{&quot;background_background&quot;:&quot;classic&quot;}\">\n\t\t\t\t\t\t<div class=\"elementor-container elementor-column-gap-default\">\n\t\t\t\t\t<div class=\"elementor-column elementor-col-100 elementor-top-column elementor-element elementor-element-d31acc1\" data-id=\"d31acc1\" data-element_type=\"column\" data-e-type=\"column\">\n\t\t\t<div class=\"elementor-widget-wrap elementor-element-populated\">\n\t\t\t\t\t\t<div class=\"elementor-element elementor-element-508fdaa elementor-widget elementor-widget-text-editor\" data-id=\"508fdaa\" data-element_type=\"widget\" data-e-type=\"widget\" data-widget_type=\"text-editor.default\">\n\t\t\t\t<div class=\"elementor-widget-container\">\n\t\t\t\t\t\t\t\t\t<p><span class=\"TextRun SCXW165119934 BCX0\" lang=\"ES-419\" xml:lang=\"ES-419\" data-contrast=\"none\"><span class=\"NormalTextRun SCXW165119934 BCX0\">Brindamos servicios de recolecta y entrega de su carga desde y hasta su oficina o bodega, de requerirse tambi\u00e9n ofrecemos el <\/span><span class=\"NormalTextRun SpellingErrorV2Themed SCXW165119934 BCX0\">re<\/span><span class=\"NormalTextRun SpellingErrorV2Themed SCXW165119934 BCX0\">e<\/span><span class=\"NormalTextRun SpellingErrorV2Themed SCXW165119934 BCX0\">mbalaje<\/span><span class=\"NormalTextRun SCXW165119934 BCX0\"> de su mercanc\u00eda cumpliendo con los est\u00e1ndares de las aerol\u00edneas para que su carga no tenga contratiempos en la aceptaci\u00f3n, manejamos toda la documentaci\u00f3n correspondiente para la exportaci\u00f3n de su mercanc\u00eda, ofrecemos los servicios con nuestros agentes aduanales para que su carga cumpla con los requerimientos para su entrada y salida del pa\u00eds.\u202f\u202fEl personal <\/span><span class=\"NormalTextRun SCXW165119934 BCX0\">est\u00e1<\/span><span class=\"NormalTextRun SCXW165119934 BCX0\"> capacitado para orientarle y que el proceso de env\u00edo y llegada sea sin complicaciones.<\/span><\/span><span class=\"EOP SCXW165119934 BCX0\" data-ccp-props=\"{&quot;201341983&quot;:0,&quot;335559685&quot;:1440,&quot;335559739&quot;:160,&quot;335559740&quot;:259}\">\u00a0<\/span><\/p>\t\t\t\t\t\t\t\t<\/div>\n\t\t\t\t<\/div>\n\t\t\t\t\t<\/div>\n\t\t<\/div>\n\t\t\t\t\t<\/div>\n\t\t<\/section>\n\t\t\t\t<section class=\"elementor-section elementor-top-section elementor-element elementor-element-175189f elementor-section-full_width elementor-section-stretched elementor-reverse-tablet elementor-reverse-mobile elementor-section-height-default elementor-section-height-default\" data-id=\"175189f\" data-element_type=\"section\" data-e-type=\"section\" data-settings=\"{&quot;stretch_section&quot;:&quot;section-stretched&quot;,&quot;background_background&quot;:&quot;classic&quot;}\">\n\t\t\t\t\t\t<div class=\"elementor-container elementor-column-gap-default\">\n\t\t\t\t\t<div class=\"elementor-column elementor-col-100 elementor-top-column elementor-element elementor-element-7ac151f\" data-id=\"7ac151f\" data-element_type=\"column\" data-e-type=\"column\">\n\t\t\t<div class=\"elementor-widget-wrap elementor-element-populated\">\n\t\t\t\t\t\t<div class=\"elementor-element elementor-element-b9e6e20 elementor-widget elementor-widget-text-editor\" data-id=\"b9e6e20\" data-element_type=\"widget\" data-e-type=\"widget\" data-widget_type=\"text-editor.default\">\n\t\t\t\t<div class=\"elementor-widget-container\">\n\t\t\t\t\t\t\t\t\t<p><span lang=\"en-US\">Contacto: Miriam Troetsch<\/span><\/p><p>Tel: +507 310-2329 Ext. 130<\/p><p>Celular: +507 6282-9824<\/p><p>Correo: <span data-olk-copy-source=\"MessageBody\">miriam.troetsch@dualteccargopanama.com<\/span><\/p><p><span lang=\"es-419\">Correo general: <\/span><span lang=\"es-419\"><span data-olk-copy-source=\"MessageBody\">sales.air@dualteccargopanama.com<\/span><\/span><\/p>\t\t\t\t\t\t\t\t<\/div>\n\t\t\t\t<\/div>\n\t\t\t\t\t<\/div>\n\t\t<\/div>\n\t\t\t\t\t<\/div>\n\t\t<\/section>\n\t\t\t\t<\/div>\n\t\t","protected":false},"excerpt":{"rendered":"<p>Aeropuerto de Carga Tocumen Situada en el aeropuerto de carga Internacional de Tocumen el m\u00e1s grande y de mayor actividad en el pa\u00eds, le dar\u00e1 una ventaja para proporcionar las mejores soluciones log\u00edsticas para sus necesidades.\u00a0 UBICACI\u00d3N Aeropuerto de Carga Tocumen, Torre Administrativa, Primer Alto, Oficina #3, Ciudad de Tocumen, Provincia de Panam\u00e1, Rep\u00fablica de [&hellip;]<\/p>\n","protected":false},"author":1,"featured_media":0,"parent":0,"menu_order":0,"comment_status":"closed","ping_status":"closed","template":"","meta":{"_eb_attr":"","site-sidebar-layout":"no-sidebar","site-content-layout":"page-builder","ast-site-content-layout":"full-width-container","site-content-style":"default","site-sidebar-style":"default","ast-global-header-display":"","ast-banner-title-visibility":"","ast-main-header-display":"","ast-hfb-above-header-display":"","ast-hfb-below-header-display":"","ast-hfb-mobile-header-display":"","site-post-title":"disabled","ast-breadcrumbs-content":"","ast-featured-img":"disabled","footer-sml-layout":"","ast-disable-related-posts":"","theme-transparent-header-meta":"","adv-header-id-meta":"","stick-header-meta":"","header-above-stick-meta":"","header-main-stick-meta":"","header-below-stick-meta":"","astra-migrate-meta-layouts":"set","ast-page-background-enabled":"default","ast-page-background-meta":{"desktop":{"background-color":"var(--ast-global-color-4)","background-image":"","background-repeat":"repeat","background-position":"center center","background-size":"auto","background-attachment":"scroll","background-type":"","background-media":"","overlay-type":"","overlay-color":"","overlay-opacity":"","overlay-gradient":""},"tablet":{"background-color":"","background-image":"","background-repeat":"repeat","background-position":"center center","background-size":"auto","background-attachment":"scroll","background-type":"","background-media":"","overlay-type":"","overlay-color":"","overlay-opacity":"","overlay-gradient":""},"mobile":{"background-color":"","background-image":"","background-repeat":"repeat","background-position":"center center","background-size":"auto","background-attachment":"scroll","background-type":"","background-media":"","overlay-type":"","overlay-color":"","overlay-opacity":"","overlay-gradient":""}},"ast-content-background-meta":{"desktop":{"background-color":"var(--ast-global-color-5)","background-image":"","background-repeat":"repeat","background-position":"center center","background-size":"auto","background-attachment":"scroll","background-type":"","background-media":"","overlay-type":"","overlay-color":"","overlay-opacity":"","overlay-gradient":""},"tablet":{"background-color":"var(--ast-global-color-5)","background-image":"","background-repeat":"repeat","background-position":"center center","background-size":"auto","background-attachment":"scroll","background-type":"","background-media":"","overlay-type":"","overlay-color":"","overlay-opacity":"","overlay-gradient":""},"mobile":{"background-color":"var(--ast-global-color-5)","background-image":"","background-repeat":"repeat","background-position":"center center","background-size":"auto","background-attachment":"scroll","background-type":"","background-media":"","overlay-type":"","overlay-color":"","overlay-opacity":"","overlay-gradient":""}},"footnotes":""},"class_list":["post-920","page","type-page","status-publish","hentry"],"_links":{"self":[{"href":"https:\/\/dualteccargopanama.com\/index.php?rest_route=\/wp\/v2\/pages\/920","targetHints":{"allow":["GET"]}}],"collection":[{"href":"https:\/\/dualteccargopanama.com\/index.php?rest_route=\/wp\/v2\/pages"}],"about":[{"href":"https:\/\/dualteccargopanama.com\/index.php?rest_route=\/wp\/v2\/types\/page"}],"author":[{"embeddable":true,"href":"https:\/\/dualteccargopanama.com\/index.php?rest_route=\/wp\/v2\/users\/1"}],"replies":[{"embeddable":true,"href":"https:\/\/dualteccargopanama.com\/index.php?rest_route=%2Fwp%2Fv2%2Fcomments&post=920"}],"version-history":[{"count":96,"href":"https:\/\/dualteccargopanama.com\/index.php?rest_route=\/wp\/v2\/pages\/920\/revisions"}],"predecessor-version":[{"id":2133,"href":"https:\/\/dualteccargopanama.com\/index.php?rest_route=\/wp\/v2\/pages\/920\/revisions\/2133"}],"wp:attachment":[{"href":"https:\/\/dualteccargopanama.com\/index.php?rest_route=%2Fwp%2Fv2%2Fmedia&parent=920"}],"curies":[{"name":"wp","href":"https:\/\/api.w.org\/{rel}","templated":true}]}}